{"id":981,"date":"2025-09-29T08:38:32","date_gmt":"2025-09-29T06:38:32","guid":{"rendered":"http:\/\/www.load.se\/eksempelside\/"},"modified":"2026-04-04T08:12:33","modified_gmt":"2026-04-04T06:12:33","slug":"eksempelside","status":"publish","type":"page","link":"https:\/\/www.load.se\/da\/eksempelside\/","title":{"rendered":"Eksempelside"},"content":{"rendered":"<p>[et_pb_section admin_label=&#8221;section&#8221;]<br \/>\n\t\t\t[et_pb_row admin_label=&#8221;r\u00e6kke&#8221;]<br \/>\n\t\t\t\t[et_pb_column type=&#8221;4_4&#8243;][et_pb_text admin_label=&#8221;Text&#8221;]<!-- divi:paragraph --><\/p>\n<p>Dette er en eksempelside. Den adskiller sig fra et blogindl\u00e6g, da den vil forblive p\u00e5 samme sted og vil blive vist i din webstedsnavigation (i de fleste temaer). De fleste starter med en Om-side, der introducerer dem til potentielle bes\u00f8gende. Den kunne f.eks. lyde s\u00e5dan her:   <\/p>\n<p><!-- \/divi:paragraph --><\/p>\n<p><!-- divi:quote --><\/p>\n<blockquote class=\"wp-block-quote\">\n<p>Hej! Jeg er cykelbud om dagen, aspirerende skuespiller om natten, og dette er min hjemmeside. Jeg bor i Los Angeles, har en fantastisk hund, der hedder Jack, og jeg kan godt lide pi\u00f1a coladas. (Og at blive fanget i regnen.)   <\/p>\n<\/blockquote>\n<p><!-- \/divi:quote --><\/p>\n<p><!-- divi:paragraph --><\/p>\n<p>&#8230;eller s\u00e5dan her:<\/p>\n<p><!-- \/divi:paragraph --><\/p>\n<p><!-- divi:quote --><\/p>\n<blockquote class=\"wp-block-quote\">\n<p>XYZ Dimsedit-firmaet blev grundlagt i 1971 og har siden da leveret kvalitetsdimser til offentligheden. XYZ ligger i Gotham City, besk\u00e6ftiger over 2.000 mennesker og g\u00f8r alle mulige fantastiske ting for Gotham-samfundet. <\/p>\n<\/blockquote>\n<p><!-- \/divi:quote --><\/p>\n<p><!-- divi:paragraph --><\/p>\n<p>Som ny WordPress-bruger b\u00f8r du g\u00e5 til <a href=\"http:\/\/www.load.se\/wp-admin\/\">dit kontrolpanel<\/a> for at slette denne side og oprette nye sider til dit indhold. God forn\u00f8jelse! <\/p>\n<p><!-- \/divi:paragraph -->[\/et_pb_text][\/et_pb_column]<br \/>\n\t\t\t[\/et_pb_row]<br \/>\n\t\t[\/et_pb_section]<\/p>\n","protected":false},"excerpt":{"rendered":"<p>Dette er en eksempelside. Den adskiller sig fra et blogindl\u00e6g, da den vil forblive p\u00e5 samme sted og vil blive vist i din webstedsnavigation (i de fleste temaer). De fleste starter med en Om-side, der introducerer dem til potentielle bes\u00f8gende. Den kunne f.eks. lyde s\u00e5dan her: Hej! Jeg er cykelbud om dagen, aspirerende skuespiller om [&hellip;]<\/p>\n","protected":false},"author":1,"featured_media":0,"parent":0,"menu_order":0,"comment_status":"closed","ping_status":"open","template":"","meta":{"_et_pb_use_builder":"on","_et_pb_old_content":"","_et_gb_content_width":"","footnotes":""},"class_list":["post-981","page","type-page","status-publish","hentry"],"yoast_head":"<!-- This site is optimized with the Yoast SEO Premium plugin v27.2 (Yoast SEO v27.4) - https:\/\/yoast.com\/product\/yoast-seo-premium-wordpress\/ -->\n<title>Eksempelside \u2013 struktur og indhold | LOAD<\/title>\n<meta name=\"description\" content=\"Eksempelside med grundl\u00e6ggende struktur, der viser, hvordan indhold kan pr\u00e6senteres og organiseres p\u00e5 et websted.\" \/>\n<meta name=\"robots\" content=\"index, follow, max-snippet:-1, max-image-preview:large, max-video-preview:-1\" \/>\n<link rel=\"canonical\" href=\"https:\/\/www.load.se\/da\/eksempelside\/\" \/>\n<meta property=\"og:locale\" content=\"da_DK\" \/>\n<meta property=\"og:type\" content=\"article\" \/>\n<meta property=\"og:title\" content=\"Eksempelside\" \/>\n<meta property=\"og:description\" content=\"Eksempelside med grundl\u00e6ggende struktur, der viser, hvordan indhold kan pr\u00e6senteres og organiseres p\u00e5 et websted.\" \/>\n<meta property=\"og:url\" content=\"https:\/\/www.load.se\/da\/eksempelside\/\" \/>\n<meta property=\"og:site_name\" content=\"Load System AB\" \/>\n<meta property=\"article:modified_time\" content=\"2026-04-04T06:12:33+00:00\" \/>\n<meta name=\"twitter:card\" content=\"summary_large_image\" \/>\n<meta name=\"twitter:label1\" content=\"Estimeret l\u00e6setid\" \/>\n\t<meta name=\"twitter:data1\" content=\"1 minut\" \/>\n<script type=\"application\/ld+json\" class=\"yoast-schema-graph\">{\"@context\":\"https:\\\/\\\/schema.org\",\"@graph\":[{\"@type\":\"WebPage\",\"@id\":\"https:\\\/\\\/www.load.se\\\/da\\\/eksempelside\\\/\",\"url\":\"https:\\\/\\\/www.load.se\\\/da\\\/eksempelside\\\/\",\"name\":\"Eksempelside \u2013 struktur og indhold | LOAD\",\"isPartOf\":{\"@id\":\"https:\\\/\\\/www.load.se\\\/da\\\/#website\"},\"datePublished\":\"2025-09-29T06:38:32+00:00\",\"dateModified\":\"2026-04-04T06:12:33+00:00\",\"description\":\"Eksempelside med grundl\u00e6ggende struktur, der viser, hvordan indhold kan pr\u00e6senteres og organiseres p\u00e5 et websted.\",\"breadcrumb\":{\"@id\":\"https:\\\/\\\/www.load.se\\\/da\\\/eksempelside\\\/#breadcrumb\"},\"inLanguage\":\"da-DK\",\"potentialAction\":[{\"@type\":\"ReadAction\",\"target\":[\"https:\\\/\\\/www.load.se\\\/da\\\/eksempelside\\\/\"]}]},{\"@type\":\"BreadcrumbList\",\"@id\":\"https:\\\/\\\/www.load.se\\\/da\\\/eksempelside\\\/#breadcrumb\",\"itemListElement\":[{\"@type\":\"ListItem\",\"position\":1,\"name\":\"Home\",\"item\":\"https:\\\/\\\/www.load.se\\\/da\\\/\"},{\"@type\":\"ListItem\",\"position\":2,\"name\":\"Eksempelside\"}]},{\"@type\":\"WebSite\",\"@id\":\"https:\\\/\\\/www.load.se\\\/da\\\/#website\",\"url\":\"https:\\\/\\\/www.load.se\\\/da\\\/\",\"name\":\"Load System AB\",\"description\":\"\",\"publisher\":{\"@id\":\"https:\\\/\\\/www.load.se\\\/da\\\/#organization\"},\"potentialAction\":[{\"@type\":\"SearchAction\",\"target\":{\"@type\":\"EntryPoint\",\"urlTemplate\":\"https:\\\/\\\/www.load.se\\\/da\\\/?s={search_term_string}\"},\"query-input\":{\"@type\":\"PropertyValueSpecification\",\"valueRequired\":true,\"valueName\":\"search_term_string\"}}],\"inLanguage\":\"da-DK\"},{\"@type\":\"Organization\",\"@id\":\"https:\\\/\\\/www.load.se\\\/da\\\/#organization\",\"name\":\"Load System AB\",\"url\":\"https:\\\/\\\/www.load.se\\\/da\\\/\",\"logo\":{\"@type\":\"ImageObject\",\"inLanguage\":\"da-DK\",\"@id\":\"https:\\\/\\\/www.load.se\\\/da\\\/#\\\/schema\\\/logo\\\/image\\\/\",\"url\":\"http:\\\/\\\/www.load.se\\\/wp-content\\\/uploads\\\/2025\\\/10\\\/Load-website-6.png\",\"contentUrl\":\"http:\\\/\\\/www.load.se\\\/wp-content\\\/uploads\\\/2025\\\/10\\\/Load-website-6.png\",\"width\":2160,\"height\":800,\"caption\":\"Load System AB\"},\"image\":{\"@id\":\"https:\\\/\\\/www.load.se\\\/da\\\/#\\\/schema\\\/logo\\\/image\\\/\"},\"sameAs\":[\"https:\\\/\\\/www.linkedin.com\\\/company\\\/load-ab\"]}]}<\/script>\n<!-- \/ Yoast SEO Premium plugin. -->","yoast_head_json":{"title":"Eksempelside \u2013 struktur og indhold | LOAD","description":"Eksempelside med grundl\u00e6ggende struktur, der viser, hvordan indhold kan pr\u00e6senteres og organiseres p\u00e5 et websted.","robots":{"index":"index","follow":"follow","max-snippet":"max-snippet:-1","max-image-preview":"max-image-preview:large","max-video-preview":"max-video-preview:-1"},"canonical":"https:\/\/www.load.se\/da\/eksempelside\/","og_locale":"da_DK","og_type":"article","og_title":"Eksempelside","og_description":"Eksempelside med grundl\u00e6ggende struktur, der viser, hvordan indhold kan pr\u00e6senteres og organiseres p\u00e5 et websted.","og_url":"https:\/\/www.load.se\/da\/eksempelside\/","og_site_name":"Load System AB","article_modified_time":"2026-04-04T06:12:33+00:00","twitter_card":"summary_large_image","twitter_misc":{"Estimeret l\u00e6setid":"1 minut"},"schema":{"@context":"https:\/\/schema.org","@graph":[{"@type":"WebPage","@id":"https:\/\/www.load.se\/da\/eksempelside\/","url":"https:\/\/www.load.se\/da\/eksempelside\/","name":"Eksempelside \u2013 struktur og indhold | LOAD","isPartOf":{"@id":"https:\/\/www.load.se\/da\/#website"},"datePublished":"2025-09-29T06:38:32+00:00","dateModified":"2026-04-04T06:12:33+00:00","description":"Eksempelside med grundl\u00e6ggende struktur, der viser, hvordan indhold kan pr\u00e6senteres og organiseres p\u00e5 et websted.","breadcrumb":{"@id":"https:\/\/www.load.se\/da\/eksempelside\/#breadcrumb"},"inLanguage":"da-DK","potentialAction":[{"@type":"ReadAction","target":["https:\/\/www.load.se\/da\/eksempelside\/"]}]},{"@type":"BreadcrumbList","@id":"https:\/\/www.load.se\/da\/eksempelside\/#breadcrumb","itemListElement":[{"@type":"ListItem","position":1,"name":"Home","item":"https:\/\/www.load.se\/da\/"},{"@type":"ListItem","position":2,"name":"Eksempelside"}]},{"@type":"WebSite","@id":"https:\/\/www.load.se\/da\/#website","url":"https:\/\/www.load.se\/da\/","name":"Load System AB","description":"","publisher":{"@id":"https:\/\/www.load.se\/da\/#organization"},"potentialAction":[{"@type":"SearchAction","target":{"@type":"EntryPoint","urlTemplate":"https:\/\/www.load.se\/da\/?s={search_term_string}"},"query-input":{"@type":"PropertyValueSpecification","valueRequired":true,"valueName":"search_term_string"}}],"inLanguage":"da-DK"},{"@type":"Organization","@id":"https:\/\/www.load.se\/da\/#organization","name":"Load System AB","url":"https:\/\/www.load.se\/da\/","logo":{"@type":"ImageObject","inLanguage":"da-DK","@id":"https:\/\/www.load.se\/da\/#\/schema\/logo\/image\/","url":"http:\/\/www.load.se\/wp-content\/uploads\/2025\/10\/Load-website-6.png","contentUrl":"http:\/\/www.load.se\/wp-content\/uploads\/2025\/10\/Load-website-6.png","width":2160,"height":800,"caption":"Load System AB"},"image":{"@id":"https:\/\/www.load.se\/da\/#\/schema\/logo\/image\/"},"sameAs":["https:\/\/www.linkedin.com\/company\/load-ab"]}]}},"_links":{"self":[{"href":"https:\/\/www.load.se\/da\/wp-json\/wp\/v2\/pages\/981","targetHints":{"allow":["GET"]}}],"collection":[{"href":"https:\/\/www.load.se\/da\/wp-json\/wp\/v2\/pages"}],"about":[{"href":"https:\/\/www.load.se\/da\/wp-json\/wp\/v2\/types\/page"}],"author":[{"embeddable":true,"href":"https:\/\/www.load.se\/da\/wp-json\/wp\/v2\/users\/1"}],"replies":[{"embeddable":true,"href":"https:\/\/www.load.se\/da\/wp-json\/wp\/v2\/comments?post=981"}],"version-history":[{"count":5,"href":"https:\/\/www.load.se\/da\/wp-json\/wp\/v2\/pages\/981\/revisions"}],"predecessor-version":[{"id":3552,"href":"https:\/\/www.load.se\/da\/wp-json\/wp\/v2\/pages\/981\/revisions\/3552"}],"wp:attachment":[{"href":"https:\/\/www.load.se\/da\/wp-json\/wp\/v2\/media?parent=981"}],"curies":[{"name":"wp","href":"https:\/\/api.w.org\/{rel}","templated":true}]}}